{"id":16,"date":"2017-04-26T10:40:37","date_gmt":"2017-04-26T08:40:37","guid":{"rendered":"https:\/\/brewtek.se\/?page_id=16"},"modified":"2025-01-29T09:41:50","modified_gmt":"2025-01-29T08:41:50","slug":"startsida","status":"publish","type":"page","link":"https:\/\/brewtek.se\/sv\/","title":{"rendered":"Historia"},"content":{"rendered":"<h1>Historia<\/h1>\n<p>Brew Tek Nordic AB som av bekv\u00e4mlighet kallas BTN bildades 2019 f\u00f6r att bli helt verksamt 2020. Samtliga medarbetare i f\u00f6retaget har varit operativa i produktion av \u00f6l, cider och destillat under l\u00e5ng tid i ett annat bolag.<\/p>\n<p>Valet att skapa den nya realiteten grundar sig p\u00e5 att vi har en ambition att leverera tekniska l\u00f6sningar till v\u00e5ra kunder b\u00e5de via produkter och tekniskt kunnande i de olika applikationerna och faser av produktionen. Det \u00e4r denna egenskap som \u00e4ven de ledande leverant\u00f6rerna inom branschen anser vara ett s\u00e5 pass viktigt merv\u00e4rde att de har valt att samarbeta med BTN. Av samma anledning har b\u00e5de st\u00f6rre och mindre akt\u00f6rer valt att v\u00e4lja den trygga l\u00f6sningen som de har haft tidigare.<\/p>\n<p>F\u00f6rutom historiska och traditionella l\u00f6sningar och produkter s\u00e5 \u00e4r det BTN:s ambition att kunna erbjuda marknaden nya kvalitativa l\u00f6sningar som \u00e4r ett resultat av en riktad forskning och utveckling. Vi ser fram emot att kunna samarbeta med er.<\/p>\n\n\n<div style=\"padding:20px\" class=\"wp-block-tnp-minimal\"><p>Prenumerera p\u00e5 v\u00e5rt nyhetsbrev!<\/p><div><div class=\"tnp tnp-subscription-minimal  \"><form action=\"https:\/\/brewtek.se\/wp-admin\/admin-ajax.php?action=tnp&amp;na=s\" method=\"post\" style=\"text-align: center\"><input type=\"hidden\" name=\"nr\" value=\"minimal\">\n<input type=\"hidden\" name=\"nlang\" value=\"\">\n<input class=\"tnp-email\" type=\"email\" required name=\"ne\" value=\"\" placeholder=\"Email\"><input class=\"tnp-submit\" type=\"submit\" value=\"Prenumerera!\" style=\"\">\n<\/form><\/div>\n<\/div><\/div>\n","protected":false},"excerpt":{"rendered":"<p>Historia Brew Tek Nordic AB som av bekv\u00e4mlighet kallas BTN bildades 2019 f\u00f6r att bli helt verksamt 2020. Samtliga medarbetare i f\u00f6retaget har varit operativa i produktion av \u00f6l, cider och destillat under l\u00e5ng tid i ett annat bolag. Valet att skapa den nya realiteten grundar sig p\u00e5 att vi har en ambition att leverera &hellip; <\/p>\n<p class=\"link-more\"><a href=\"https:\/\/brewtek.se\/sv\/\" class=\"more-link\">Forts\u00e4tt l\u00e4sa<span class=\"screen-reader-text\"> \u201dHistoria\u201d<\/span><\/a><\/p>\n","protected":false},"author":1,"featured_media":0,"parent":0,"menu_order":0,"comment_status":"closed","ping_status":"closed","template":"","meta":{"footnotes":""},"class_list":["post-16","page","type-page","status-publish","hentry"],"_links":{"self":[{"href":"https:\/\/brewtek.se\/sv\/wp-json\/wp\/v2\/pages\/16","targetHints":{"allow":["GET"]}}],"collection":[{"href":"https:\/\/brewtek.se\/sv\/wp-json\/wp\/v2\/pages"}],"about":[{"href":"https:\/\/brewtek.se\/sv\/wp-json\/wp\/v2\/types\/page"}],"author":[{"embeddable":true,"href":"https:\/\/brewtek.se\/sv\/wp-json\/wp\/v2\/users\/1"}],"replies":[{"embeddable":true,"href":"https:\/\/brewtek.se\/sv\/wp-json\/wp\/v2\/comments?post=16"}],"version-history":[{"count":6,"href":"https:\/\/brewtek.se\/sv\/wp-json\/wp\/v2\/pages\/16\/revisions"}],"predecessor-version":[{"id":1200,"href":"https:\/\/brewtek.se\/sv\/wp-json\/wp\/v2\/pages\/16\/revisions\/1200"}],"wp:attachment":[{"href":"https:\/\/brewtek.se\/sv\/wp-json\/wp\/v2\/media?parent=16"}],"curies":[{"name":"wp","href":"https:\/\/api.w.org\/{rel}","templated":true}]}}