{"id":17,"date":"2017-04-26T10:40:37","date_gmt":"2017-04-26T08:40:37","guid":{"rendered":"https:\/\/brewtek.se\/?page_id=17"},"modified":"2020-10-22T16:30:11","modified_gmt":"2020-10-22T14:30:11","slug":"partners","status":"publish","type":"page","link":"https:\/\/brewtek.se\/sv\/partners\/","title":{"rendered":"Partners"},"content":{"rendered":"<h1>Brew Tek Nordic AB:s samarbetspartners<\/h1>\n<h3>WeissBioTech<\/h3>\n<p>En av de ledande producenterna av enzym avsedda f\u00f6r juice, cider, \u00f6l, vin och destillat. Produktion lokaliserad strax utanf\u00f6r Frankfurt (Tyskland). BTN har ensamr\u00e4tt f\u00f6r hela Norden, Baltikum och Storbritannien.<br \/>\n<a href=\"http:\/\/www.weissbiotech.com\">http:\/\/www.weissbiotech.com<\/a><\/p>\n<h3>OenoBioTech sas<\/h3>\n<p>Producent av olika j\u00e4ststammar avsedda f\u00f6r vin och cider samt legotillverkning av BTN:s egna stammar avsedda f\u00f6r \u00f6l och destillat. Lokaliserat utanf\u00f6r Paris. BTN har ensamr\u00e4tt f\u00f6r hela Norden, Baltikum och Storbritannien.<br \/>\n<a href=\"http:\/\/www.oenobiotech.com\/\">http:\/\/www.oenobiotech.com<\/a><\/p>\n<h3>Italiana Biotecnologie<\/h3>\n<p>Forskningscenter kring olika typer av kulturj\u00e4st. Isolerar nya j\u00e4ststammar, s\u00e4krar genetik, genomf\u00f6r de mest avancerade analyserna, har egen pilotproduktion av j\u00e4st i torrform f\u00f6r att m\u00f6jligg\u00f6ra tester i olika produktioner. Har pilotanl\u00e4ggning f\u00f6r j\u00e4stester. Lokaliserat i Vicenza, norra Italien.<\/p>\n<h3>PQ Corporation<\/h3>\n<p>V\u00e4rldens st\u00f6rsta producent av silika-\/hydro- and xerogel. Produktion i Storbritannien, Nederl\u00e4nderna och USA. BTN har ensamr\u00e4tt f\u00f6r hela Norden och Baltikum med start januari 2020.<br \/>\n<a href=\"https:\/\/www.pqcorp.com\">https:\/\/www.pqcorp.com<\/a><\/p>\n<h3>Ashland<\/h3>\n<p>V\u00e4rldens st\u00f6rsta producent av olika derivat fr\u00e5n polymerer, bland annat PVPP avsedd f\u00f6r \u00f6l- och vinstabilisering. Produktion i USA. Europakontor i Storbritannien. BTN har ensamr\u00e4tt f\u00f6r hela Norden och Baltikum med start januari 2020.<br \/>\n<a href=\"https:\/\/www.ashland.com\">https:\/\/www.ashland.com<\/a><\/p>\n<h3>Ever Srl<\/h3>\n<p>En av Italiens ledande akt\u00f6rer p\u00e5 vinmarknaden. De producerar olika former av j\u00e4stn\u00e4ring, klarningsmedel, antioxidanter, olika refinementprodukter s\u00e5som tanniner, ekchips och gummi arabicum. De \u00e4r specialiserade p\u00e5 personliga l\u00f6sningar och blandade produkter. Lokaliserade i Pramaggiore\/Venedig (Italien). BTN har ensamr\u00e4tt f\u00f6r hela Norden, Baltikum och Storbritannien.<br \/>\n<a href=\"https:\/\/www.ever.it\">https:\/\/www.ever.it<\/a><br \/>\n<a href=\"https:\/\/www.everintec.it\">https:\/\/www.everintec.it<\/a><\/p>\n<h3>Nouryon (Akzo Nobel)<\/h3>\n<p>V\u00e4rldens st\u00f6rsta producent av kolloidal silika med produktionsenheter i Sverige, Tyskland, USA, Brasilien och Taiwan. Ensamr\u00e4tt f\u00f6r specifika produkter f\u00f6r specifika applikationer.<br \/>\n<a href=\"https:\/\/www.nouryon.com\">https:\/\/www.nouryon.com<\/a><\/p>\n<h3>Chemviron<\/h3>\n<p>Europas st\u00f6rsta tillverkare av kiselgur samt andra produkter s\u00e5som aktivt kol. Ensamr\u00e4tt f\u00f6r Norden med start januari 2020. Produktionsenheter i Frankrike (tv\u00e5 olika orter).<br \/>\n<a href=\"https:\/\/www.chemviron.eu\">https:\/\/www.chemviron.eu<\/a><\/p>\n<h3>Dicalite<\/h3>\n<p>Europas st\u00f6rsta tillverkar av perlit avsedd f\u00f6r filtrering av drycker, kemiska produkter mm.<br \/>\n<a href=\"https:\/\/www.dicalite-europe.com\">https:\/\/www.dicalite-europe.com<\/a><\/p>\n<p>Flera viktiga leverant\u00f6rer kommer att teckna avtal innan slutet av 2019. Vi kommer att h\u00e5lla er informerade om vilka de \u00e4r och n\u00e4r det sker.<\/p>\n","protected":false},"excerpt":{"rendered":"<p>Brew Tek Nordic AB:s samarbetspartners WeissBioTech En av de ledande producenterna av enzym avsedda f\u00f6r juice, cider, \u00f6l, vin och destillat. Produktion lokaliserad strax utanf\u00f6r Frankfurt (Tyskland). BTN har ensamr\u00e4tt f\u00f6r hela Norden, Baltikum och Storbritannien. http:\/\/www.weissbiotech.com OenoBioTech sas Producent av olika j\u00e4ststammar avsedda f\u00f6r vin och cider samt legotillverkning av BTN:s egna stammar avsedda &hellip; <\/p>\n<p class=\"link-more\"><a href=\"https:\/\/brewtek.se\/sv\/partners\/\" class=\"more-link\">Forts\u00e4tt l\u00e4sa<span class=\"screen-reader-text\"> \u201dPartners\u201d<\/span><\/a><\/p>\n","protected":false},"author":1,"featured_media":848,"parent":0,"menu_order":0,"comment_status":"closed","ping_status":"closed","template":"","meta":{"footnotes":""},"class_list":["post-17","page","type-page","status-publish","has-post-thumbnail","hentry"],"_links":{"self":[{"href":"https:\/\/brewtek.se\/sv\/wp-json\/wp\/v2\/pages\/17","targetHints":{"allow":["GET"]}}],"collection":[{"href":"https:\/\/brewtek.se\/sv\/wp-json\/wp\/v2\/pages"}],"about":[{"href":"https:\/\/brewtek.se\/sv\/wp-json\/wp\/v2\/types\/page"}],"author":[{"embeddable":true,"href":"https:\/\/brewtek.se\/sv\/wp-json\/wp\/v2\/users\/1"}],"replies":[{"embeddable":true,"href":"https:\/\/brewtek.se\/sv\/wp-json\/wp\/v2\/comments?post=17"}],"version-history":[{"count":6,"href":"https:\/\/brewtek.se\/sv\/wp-json\/wp\/v2\/pages\/17\/revisions"}],"predecessor-version":[{"id":1125,"href":"https:\/\/brewtek.se\/sv\/wp-json\/wp\/v2\/pages\/17\/revisions\/1125"}],"wp:featuredmedia":[{"embeddable":true,"href":"https:\/\/brewtek.se\/sv\/wp-json\/wp\/v2\/media\/848"}],"wp:attachment":[{"href":"https:\/\/brewtek.se\/sv\/wp-json\/wp\/v2\/media?parent=17"}],"curies":[{"name":"wp","href":"https:\/\/api.w.org\/{rel}","templated":true}]}}